{"id":73,"date":"2019-02-16T13:34:23","date_gmt":"2019-02-16T12:34:23","guid":{"rendered":"https:\/\/diabeteenluberon.com\/?page_id=73"},"modified":"2019-08-02T12:49:27","modified_gmt":"2019-08-02T10:49:27","slug":"politique-de-confidentialite","status":"publish","type":"page","link":"https:\/\/diabeteenluberon.com\/index.php\/politique-de-confidentialite\/","title":{"rendered":"Politique de confidentialit\u00e9"},"content":{"rendered":"\n<p style=\"color:#040101;text-align:left\" class=\"has-text-color\"><strong>Collecte de l\u2019information&nbsp;:<\/strong><br> Nous recueillons des informations lorsque vous vous inscrivez sur notre site, lorsque vous vous connectez \u00e0 votre compte, et \/ ou lorsque vous vous d\u00e9connectez. <br>Les informations recueillies incluent votre nom, votre adresse e-mail, num\u00e9ro de t\u00e9l\u00e9phone.<\/p>\n\n\n\n<p class=\"has-text-color has-very-dark-gray-color\">En outre, nous recevons et enregistrons automatiquement des informations \u00e0 partir de votre ordinateur et navigateur, y compris votre adresse IP, vos logiciels et votre mat\u00e9riel, et la page que vous demandez.<\/p>\n\n\n\n<p class=\"has-text-color has-very-dark-gray-color\"><strong>Utilisation des informations&nbsp;:<\/strong><br> Toutes les informations que nous recueillons aupr\u00e8s de vous peuvent \u00eatre utilis\u00e9es pour :<br>&#8211; Personnaliser votre exp\u00e9rience et r\u00e9pondre \u00e0 vos besoins individuels,<br>&#8211; Fournir un contenu publicitaire personnalis\u00e9, <br>&#8211; Am\u00e9liorer notre site,<br>&#8211; Am\u00e9liorer le service client et vos besoins de prise en charge,<br>&#8211; Vous contacter par e-mail,<br>&#8211; Administrer un concours, une promotion, ou une enqu\u00eate. <br> <\/p>\n\n\n\n<p class=\"has-text-color has-very-dark-gray-color\"><strong>Confidentialit\u00e9 du commerce en ligne&nbsp;:<\/strong><br> Nous sommes les seuls propri\u00e9taires des informations recueillies sur ce site. <br>Vos informations personnelles ne seront pas vendues, \u00e9chang\u00e9es, transf\u00e9r\u00e9es, ou donn\u00e9es \u00e0 une autre soci\u00e9t\u00e9 pour n\u2019importe quelle raison, sans votre consentement, en dehors de ce qui est n\u00e9cessaire pour r\u00e9pondre \u00e0 une demande et \/ ou une transaction.<\/p>\n\n\n\n<p class=\"has-text-color has-very-dark-gray-color\"><strong>Divulgation \u00e0 des tiers&nbsp;:<\/strong><br> Nous ne vendons, n\u2019\u00e9changeons et ne transf\u00e9rons pas vos informations personnelles identifiables \u00e0 des tiers. Cela ne comprend pas les tierces parties de confiance qui nous aident \u00e0 exploiter notre site Web ou \u00e0 mener nos affaires, tant que ces parties conviennent de garder ces informations confidentielles. <\/p>\n\n\n\n<p class=\"has-text-color has-very-dark-gray-color\">Nous pensons qu\u2019il est n\u00e9cessaire de partager des informations afin d\u2019enqu\u00eater, de pr\u00e9venir ou de prendre des mesures concernant des activit\u00e9s ill\u00e9gales, fraudes pr\u00e9sum\u00e9es, situations impliquant des menaces potentielles \u00e0 la s\u00e9curit\u00e9 physique de toute personne, violations de nos conditions d\u2019utilisation, ou quand la loi nous y contraint.<\/p>\n\n\n\n<p class=\"has-text-color has-very-dark-gray-color\">Les informations non-priv\u00e9es, cependant, peuvent \u00eatre fournies \u00e0 d\u2019autres parties pour le marketing, la publicit\u00e9, ou d\u2019autres utilisations.<\/p>\n\n\n\n<p class=\"has-text-color has-very-dark-gray-color\"><strong>Protection des informations :<\/strong><br> Nous mettons en \u0153uvre une vari\u00e9t\u00e9 de mesures de s\u00e9curit\u00e9 pour pr\u00e9server la s\u00e9curit\u00e9 de vos informations personnelles. Nous utilisons un cryptage \u00e0 la pointe de la technologie pour prot\u00e9ger les informations sensibles transmises en ligne. Nous prot\u00e9geons \u00e9galement vos informations hors ligne. Seuls les employ\u00e9s qui ont besoin d\u2019effectuer un travail sp\u00e9cifique (par exemple, la facturation ou le service \u00e0 la client\u00e8le) ont acc\u00e8s aux informations personnelles identifiables. Les ordinateurs et serveurs utilis\u00e9s pour stocker des informations personnelles identifiables sont conserv\u00e9s dans un environnement s\u00e9curis\u00e9.<\/p>\n\n\n\n<p class=\"has-text-color has-very-dark-gray-color\"><strong>Est-ce que nous utilisons des cookies ?<\/strong><br> Nos cookies am\u00e9liorent l\u2019acc\u00e8s \u00e0 notre site et identifient les visiteurs r\u00e9guliers. En outre, nos cookies am\u00e9liorent l\u2019exp\u00e9rience d\u2019utilisateur gr\u00e2ce au suivi et au ciblage de ses int\u00e9r\u00eats. Cependant, cette utilisation des cookies n\u2019est en aucune fa\u00e7on li\u00e9e \u00e0 des informations personnelles identifiables sur notre site.<\/p>\n\n\n\n<p class=\"has-text-color has-very-dark-gray-color\"><strong>Se d\u00e9sabonner&nbsp;:<\/strong><br> Nous utilisons l\u2019adresse e-mail que vous fournissez pour vous envoyer des informations et mises \u00e0 jour relatives \u00e0 votre demande, des nouvelles de l\u2019entreprise de fa\u00e7on occasionnelle, des informations sur des produits li\u00e9s, etc. Si \u00e0 n\u2019importe quel moment vous souhaitez vous d\u00e9sinscrire et ne plus recevoir d\u2019e-mails, des instructions de d\u00e9sabonnement d\u00e9taill\u00e9es sont incluses en bas de chaque e-mail.<\/p>\n\n\n\n<p class=\"has-text-color has-very-dark-gray-color\"><strong>Consentement&nbsp;:<\/strong><br> En utilisant notre site, vous consentez \u00e0 notre politique de confidentialit\u00e9.<\/p>\n","protected":false},"excerpt":{"rendered":"<p>Collecte de l\u2019information&nbsp;: Nous recueillons des informations lorsque vous vous inscrivez sur notre site, lorsque vous vous connectez \u00e0 votre compte, et \/ ou lorsque vous vous d\u00e9connectez. Les informations recueillies incluent votre nom, votre adresse e-mail, num\u00e9ro de t\u00e9l\u00e9phone. En outre, nous recevons et enregistrons automatiquement des informations \u00e0 partir de votre ordinateur et&hellip; <br \/> <a class=\"read-more\" href=\"https:\/\/diabeteenluberon.com\/index.php\/politique-de-confidentialite\/\">Lire la suite<\/a><\/p>\n","protected":false},"author":1,"featured_media":294,"parent":0,"menu_order":0,"comment_status":"closed","ping_status":"closed","template":"","meta":{"footnotes":""},"yoast_head":"<!-- This site is optimized with the Yoast SEO plugin v17.6 - https:\/\/yoast.com\/wordpress\/plugins\/seo\/ -->\n<title>Politique de confidentialit\u00e9 ~ Diab\u00e8te en Luberon<\/title>\n<meta name=\"robots\" content=\"index, follow, max-snippet:-1, max-image-preview:large, max-video-preview:-1\" \/>\n<link rel=\"canonical\" href=\"https:\/\/diabeteenluberon.com\/index.php\/politique-de-confidentialite\/\" \/>\n<meta property=\"og:locale\" content=\"fr_FR\" \/>\n<meta property=\"og:type\" content=\"article\" \/>\n<meta property=\"og:title\" content=\"Politique de confidentialit\u00e9 ~ Diab\u00e8te en Luberon\" \/>\n<meta property=\"og:description\" content=\"Collecte de l\u2019information&nbsp;: Nous recueillons des informations lorsque vous vous inscrivez sur notre site, lorsque vous vous connectez \u00e0 votre compte, et \/ ou lorsque vous vous d\u00e9connectez. Les informations recueillies incluent votre nom, votre adresse e-mail, num\u00e9ro de t\u00e9l\u00e9phone. En outre, nous recevons et enregistrons automatiquement des informations \u00e0 partir de votre ordinateur et&hellip; Lire la suite\" \/>\n<meta property=\"og:url\" content=\"https:\/\/diabeteenluberon.com\/index.php\/politique-de-confidentialite\/\" \/>\n<meta property=\"og:site_name\" content=\"Diab\u00e8te en Luberon\" \/>\n<meta property=\"article:publisher\" content=\"https:\/\/www.facebook.com\/Diab%c3%a8te-en-Luberon-669898170092016\/\" \/>\n<meta property=\"article:modified_time\" content=\"2019-08-02T10:49:27+00:00\" \/>\n<meta property=\"og:image\" content=\"https:\/\/diabeteenluberon.com\/wp-content\/uploads\/2019\/07\/Photo-sign\u00e9es-rando-lavandes6-1.jpg\" \/>\n\t<meta property=\"og:image:width\" content=\"960\" \/>\n\t<meta property=\"og:image:height\" content=\"720\" \/>\n<meta name=\"twitter:card\" content=\"summary_large_image\" \/>\n<meta name=\"twitter:label1\" content=\"Dur\u00e9e de lecture estim\u00e9e\" \/>\n\t<meta name=\"twitter:data1\" content=\"3 minutes\" \/>\n<script type=\"application\/ld+json\" class=\"yoast-schema-graph\">{\"@context\":\"https:\/\/schema.org\",\"@graph\":[{\"@type\":\"Organization\",\"@id\":\"https:\/\/diabeteenluberon.com\/#organization\",\"name\":\"Diab\\u00e8te en Luberon\",\"url\":\"https:\/\/diabeteenluberon.com\/\",\"sameAs\":[\"https:\/\/www.facebook.com\/Diab\\u00e8te-en-Luberon-669898170092016\/\"],\"logo\":{\"@type\":\"ImageObject\",\"@id\":\"https:\/\/diabeteenluberon.com\/#logo\",\"inLanguage\":\"fr-FR\",\"url\":\"https:\/\/i0.wp.com\/diabeteenluberon.com\/wp-content\/uploads\/2019\/02\/photo-castllet-vue-e1561732573858.jpg?fit=800%2C600&ssl=1\",\"contentUrl\":\"https:\/\/i0.wp.com\/diabeteenluberon.com\/wp-content\/uploads\/2019\/02\/photo-castllet-vue-e1561732573858.jpg?fit=800%2C600&ssl=1\",\"width\":800,\"height\":600,\"caption\":\"Diab\\u00e8te en Luberon\"},\"image\":{\"@id\":\"https:\/\/diabeteenluberon.com\/#logo\"}},{\"@type\":\"WebSite\",\"@id\":\"https:\/\/diabeteenluberon.com\/#website\",\"url\":\"https:\/\/diabeteenluberon.com\/\",\"name\":\"Diab\\u00e8te en Luberon\",\"description\":\"\",\"publisher\":{\"@id\":\"https:\/\/diabeteenluberon.com\/#organization\"},\"potentialAction\":[{\"@type\":\"SearchAction\",\"target\":{\"@type\":\"EntryPoint\",\"urlTemplate\":\"https:\/\/diabeteenluberon.com\/?s={search_term_string}\"},\"query-input\":\"required name=search_term_string\"}],\"inLanguage\":\"fr-FR\"},{\"@type\":\"ImageObject\",\"@id\":\"https:\/\/diabeteenluberon.com\/index.php\/politique-de-confidentialite\/#primaryimage\",\"inLanguage\":\"fr-FR\",\"url\":\"https:\/\/diabeteenluberon.com\/wp-content\/uploads\/2019\/07\/Photo-sign\\u00e9es-rando-lavandes6-1.jpg\",\"contentUrl\":\"https:\/\/diabeteenluberon.com\/wp-content\/uploads\/2019\/07\/Photo-sign\\u00e9es-rando-lavandes6-1.jpg\",\"width\":960,\"height\":720},{\"@type\":\"WebPage\",\"@id\":\"https:\/\/diabeteenluberon.com\/index.php\/politique-de-confidentialite\/#webpage\",\"url\":\"https:\/\/diabeteenluberon.com\/index.php\/politique-de-confidentialite\/\",\"name\":\"Politique de confidentialit\\u00e9 ~ Diab\\u00e8te en Luberon\",\"isPartOf\":{\"@id\":\"https:\/\/diabeteenluberon.com\/#website\"},\"primaryImageOfPage\":{\"@id\":\"https:\/\/diabeteenluberon.com\/index.php\/politique-de-confidentialite\/#primaryimage\"},\"datePublished\":\"2019-02-16T12:34:23+00:00\",\"dateModified\":\"2019-08-02T10:49:27+00:00\",\"breadcrumb\":{\"@id\":\"https:\/\/diabeteenluberon.com\/index.php\/politique-de-confidentialite\/#breadcrumb\"},\"inLanguage\":\"fr-FR\",\"potentialAction\":[{\"@type\":\"ReadAction\",\"target\":[\"https:\/\/diabeteenluberon.com\/index.php\/politique-de-confidentialite\/\"]}]},{\"@type\":\"BreadcrumbList\",\"@id\":\"https:\/\/diabeteenluberon.com\/index.php\/politique-de-confidentialite\/#breadcrumb\",\"itemListElement\":[{\"@type\":\"ListItem\",\"position\":1,\"name\":\"Accueil\",\"item\":\"https:\/\/diabeteenluberon.com\/\"},{\"@type\":\"ListItem\",\"position\":2,\"name\":\"Politique de confidentialit\\u00e9\"}]}]}<\/script>\n<!-- \/ Yoast SEO plugin. -->","yoast_head_json":{"title":"Politique de confidentialit\u00e9 ~ Diab\u00e8te en Luberon","robots":{"index":"index","follow":"follow","max-snippet":"max-snippet:-1","max-image-preview":"max-image-preview:large","max-video-preview":"max-video-preview:-1"},"canonical":"https:\/\/diabeteenluberon.com\/index.php\/politique-de-confidentialite\/","og_locale":"fr_FR","og_type":"article","og_title":"Politique de confidentialit\u00e9 ~ Diab\u00e8te en Luberon","og_description":"Collecte de l\u2019information&nbsp;: Nous recueillons des informations lorsque vous vous inscrivez sur notre site, lorsque vous vous connectez \u00e0 votre compte, et \/ ou lorsque vous vous d\u00e9connectez. Les informations recueillies incluent votre nom, votre adresse e-mail, num\u00e9ro de t\u00e9l\u00e9phone. En outre, nous recevons et enregistrons automatiquement des informations \u00e0 partir de votre ordinateur et&hellip; Lire la suite","og_url":"https:\/\/diabeteenluberon.com\/index.php\/politique-de-confidentialite\/","og_site_name":"Diab\u00e8te en Luberon","article_publisher":"https:\/\/www.facebook.com\/Diab%c3%a8te-en-Luberon-669898170092016\/","article_modified_time":"2019-08-02T10:49:27+00:00","og_image":[{"width":960,"height":720,"url":"https:\/\/diabeteenluberon.com\/wp-content\/uploads\/2019\/07\/Photo-sign\u00e9es-rando-lavandes6-1.jpg","type":"image\/jpeg"}],"twitter_card":"summary_large_image","twitter_misc":{"Dur\u00e9e de lecture estim\u00e9e":"3 minutes"},"schema":{"@context":"https:\/\/schema.org","@graph":[{"@type":"Organization","@id":"https:\/\/diabeteenluberon.com\/#organization","name":"Diab\u00e8te en Luberon","url":"https:\/\/diabeteenluberon.com\/","sameAs":["https:\/\/www.facebook.com\/Diab\u00e8te-en-Luberon-669898170092016\/"],"logo":{"@type":"ImageObject","@id":"https:\/\/diabeteenluberon.com\/#logo","inLanguage":"fr-FR","url":"https:\/\/i0.wp.com\/diabeteenluberon.com\/wp-content\/uploads\/2019\/02\/photo-castllet-vue-e1561732573858.jpg?fit=800%2C600&ssl=1","contentUrl":"https:\/\/i0.wp.com\/diabeteenluberon.com\/wp-content\/uploads\/2019\/02\/photo-castllet-vue-e1561732573858.jpg?fit=800%2C600&ssl=1","width":800,"height":600,"caption":"Diab\u00e8te en Luberon"},"image":{"@id":"https:\/\/diabeteenluberon.com\/#logo"}},{"@type":"WebSite","@id":"https:\/\/diabeteenluberon.com\/#website","url":"https:\/\/diabeteenluberon.com\/","name":"Diab\u00e8te en Luberon","description":"","publisher":{"@id":"https:\/\/diabeteenluberon.com\/#organization"},"potentialAction":[{"@type":"SearchAction","target":{"@type":"EntryPoint","urlTemplate":"https:\/\/diabeteenluberon.com\/?s={search_term_string}"},"query-input":"required name=search_term_string"}],"inLanguage":"fr-FR"},{"@type":"ImageObject","@id":"https:\/\/diabeteenluberon.com\/index.php\/politique-de-confidentialite\/#primaryimage","inLanguage":"fr-FR","url":"https:\/\/diabeteenluberon.com\/wp-content\/uploads\/2019\/07\/Photo-sign\u00e9es-rando-lavandes6-1.jpg","contentUrl":"https:\/\/diabeteenluberon.com\/wp-content\/uploads\/2019\/07\/Photo-sign\u00e9es-rando-lavandes6-1.jpg","width":960,"height":720},{"@type":"WebPage","@id":"https:\/\/diabeteenluberon.com\/index.php\/politique-de-confidentialite\/#webpage","url":"https:\/\/diabeteenluberon.com\/index.php\/politique-de-confidentialite\/","name":"Politique de confidentialit\u00e9 ~ Diab\u00e8te en Luberon","isPartOf":{"@id":"https:\/\/diabeteenluberon.com\/#website"},"primaryImageOfPage":{"@id":"https:\/\/diabeteenluberon.com\/index.php\/politique-de-confidentialite\/#primaryimage"},"datePublished":"2019-02-16T12:34:23+00:00","dateModified":"2019-08-02T10:49:27+00:00","breadcrumb":{"@id":"https:\/\/diabeteenluberon.com\/index.php\/politique-de-confidentialite\/#breadcrumb"},"inLanguage":"fr-FR","potentialAction":[{"@type":"ReadAction","target":["https:\/\/diabeteenluberon.com\/index.php\/politique-de-confidentialite\/"]}]},{"@type":"BreadcrumbList","@id":"https:\/\/diabeteenluberon.com\/index.php\/politique-de-confidentialite\/#breadcrumb","itemListElement":[{"@type":"ListItem","position":1,"name":"Accueil","item":"https:\/\/diabeteenluberon.com\/"},{"@type":"ListItem","position":2,"name":"Politique de confidentialit\u00e9"}]}]}},"_links":{"self":[{"href":"https:\/\/diabeteenluberon.com\/index.php\/wp-json\/wp\/v2\/pages\/73"}],"collection":[{"href":"https:\/\/diabeteenluberon.com\/index.php\/wp-json\/wp\/v2\/pages"}],"about":[{"href":"https:\/\/diabeteenluberon.com\/index.php\/wp-json\/wp\/v2\/types\/page"}],"author":[{"embeddable":true,"href":"https:\/\/diabeteenluberon.com\/index.php\/wp-json\/wp\/v2\/users\/1"}],"replies":[{"embeddable":true,"href":"https:\/\/diabeteenluberon.com\/index.php\/wp-json\/wp\/v2\/comments?post=73"}],"version-history":[{"count":8,"href":"https:\/\/diabeteenluberon.com\/index.php\/wp-json\/wp\/v2\/pages\/73\/revisions"}],"predecessor-version":[{"id":99,"href":"https:\/\/diabeteenluberon.com\/index.php\/wp-json\/wp\/v2\/pages\/73\/revisions\/99"}],"wp:featuredmedia":[{"embeddable":true,"href":"https:\/\/diabeteenluberon.com\/index.php\/wp-json\/wp\/v2\/media\/294"}],"wp:attachment":[{"href":"https:\/\/diabeteenluberon.com\/index.php\/wp-json\/wp\/v2\/media?parent=73"}],"curies":[{"name":"wp","href":"https:\/\/api.w.org\/{rel}","templated":true}]}}