{"id":673,"date":"2026-03-05T10:32:45","date_gmt":"2026-03-05T09:32:45","guid":{"rendered":"https:\/\/diabeteenluberon.com\/?page_id=673"},"modified":"2026-03-05T10:32:46","modified_gmt":"2026-03-05T09:32:46","slug":"etp-ateliers-diabete","status":"publish","type":"page","link":"https:\/\/diabeteenluberon.com\/index.php\/etp-ateliers-diabete\/","title":{"rendered":"ETP"},"content":{"rendered":"\n<p class=\"has-text-align-center\">Education th\u00e9rapeutique du patient<\/p>\n\n\n\n<p class=\"has-white-color has-text-color has-background has-link-color wp-elements-6c9e9ec9253f0dc192c1fc5f73e1c3e7\" style=\"background-color:#569687\">Programme d\u2019\u00e9ducation th\u00e9rapeutique du Patient (ETP) que nous avons \u00e9labor\u00e9 avec Anne-C\u00e9cile Ertl\u00e9, Patiente Experte en maladies chroniques et Pr\u00e9sidente de l&rsquo;association, Ludivine P\u00e9pin, infirmi\u00e8re en charge de l\u2019\u00e9ducation du Centre hospitalier du Pays d\u2019Apt Luberon. <\/p>\n\n\n\n<p class=\"has-white-color has-text-color has-background has-link-color wp-elements-9cf653accf691a6681183fdeb41c729b\" style=\"background-color:#67501294\">Une rencontre, des id\u00e9es et une envie commune ont \u00e9t\u00e9 \u00e0 l\u2019origine du nouveau programme d\u2019\u00e9ducation th\u00e9rapeutique propos\u00e9 depuis 2023 sur le territoire du Pays d\u2019Apt Luberon. Une \u00e9quipe de professionnels de Sant\u00e9 form\u00e9e \u00e0 l\u2019\u00e9ducation th\u00e9rapeutique s\u2019est alors constitu\u00e9e pour arriver \u00e0 mettre sur pied ce beau projet. Le programme soutenu et subventionn\u00e9 par l\u2019ARS et la S\u00e9curit\u00e9 sociale est gratuit, propos\u00e9 aux diab\u00e9tiques de type 2 et leurs aidants.<\/p>\n\n\n\n<figure class=\"wp-block-image size-large\"><img loading=\"lazy\" decoding=\"async\" width=\"1024\" height=\"576\" src=\"https:\/\/diabeteenluberon.com\/wp-content\/uploads\/2026\/03\/image-2-1024x576.png\" alt=\"\" class=\"wp-image-678\" srcset=\"https:\/\/diabeteenluberon.com\/wp-content\/uploads\/2026\/03\/image-2-1024x576.png 1024w, https:\/\/diabeteenluberon.com\/wp-content\/uploads\/2026\/03\/image-2-300x169.png 300w, https:\/\/diabeteenluberon.com\/wp-content\/uploads\/2026\/03\/image-2-768x432.png 768w, https:\/\/diabeteenluberon.com\/wp-content\/uploads\/2026\/03\/image-2-1536x864.png 1536w, https:\/\/diabeteenluberon.com\/wp-content\/uploads\/2026\/03\/image-2.png 1600w\" sizes=\"(max-width: 1024px) 100vw, 1024px\" \/><\/figure>\n\n\n\n<figure class=\"wp-block-image size-large\"><img loading=\"lazy\" decoding=\"async\" width=\"1024\" height=\"576\" src=\"https:\/\/diabeteenluberon.com\/wp-content\/uploads\/2026\/03\/image-1-1024x576.png\" alt=\"\" class=\"wp-image-677\" srcset=\"https:\/\/diabeteenluberon.com\/wp-content\/uploads\/2026\/03\/image-1-1024x576.png 1024w, https:\/\/diabeteenluberon.com\/wp-content\/uploads\/2026\/03\/image-1-300x169.png 300w, https:\/\/diabeteenluberon.com\/wp-content\/uploads\/2026\/03\/image-1-768x432.png 768w, https:\/\/diabeteenluberon.com\/wp-content\/uploads\/2026\/03\/image-1-1536x864.png 1536w, https:\/\/diabeteenluberon.com\/wp-content\/uploads\/2026\/03\/image-1.png 1600w\" sizes=\"(max-width: 1024px) 100vw, 1024px\" \/><\/figure>\n\n\n\n<figure class=\"wp-block-image size-large\"><img loading=\"lazy\" decoding=\"async\" width=\"1024\" height=\"576\" src=\"https:\/\/diabeteenluberon.com\/wp-content\/uploads\/2026\/03\/image-4-1024x576.png\" alt=\"\" class=\"wp-image-680\" srcset=\"https:\/\/diabeteenluberon.com\/wp-content\/uploads\/2026\/03\/image-4-1024x576.png 1024w, https:\/\/diabeteenluberon.com\/wp-content\/uploads\/2026\/03\/image-4-300x169.png 300w, https:\/\/diabeteenluberon.com\/wp-content\/uploads\/2026\/03\/image-4-768x432.png 768w, https:\/\/diabeteenluberon.com\/wp-content\/uploads\/2026\/03\/image-4-1536x864.png 1536w, https:\/\/diabeteenluberon.com\/wp-content\/uploads\/2026\/03\/image-4.png 1600w\" sizes=\"(max-width: 1024px) 100vw, 1024px\" \/><\/figure>\n\n\n\n<figure class=\"wp-block-image size-large\"><img loading=\"lazy\" decoding=\"async\" width=\"1024\" height=\"576\" src=\"https:\/\/diabeteenluberon.com\/wp-content\/uploads\/2026\/03\/image-3-1024x576.png\" alt=\"\" class=\"wp-image-679\" srcset=\"https:\/\/diabeteenluberon.com\/wp-content\/uploads\/2026\/03\/image-3-1024x576.png 1024w, https:\/\/diabeteenluberon.com\/wp-content\/uploads\/2026\/03\/image-3-300x169.png 300w, https:\/\/diabeteenluberon.com\/wp-content\/uploads\/2026\/03\/image-3-768x432.png 768w, https:\/\/diabeteenluberon.com\/wp-content\/uploads\/2026\/03\/image-3-1536x864.png 1536w, https:\/\/diabeteenluberon.com\/wp-content\/uploads\/2026\/03\/image-3.png 1600w\" sizes=\"(max-width: 1024px) 100vw, 1024px\" \/><\/figure>\n\n\n<div class=\"wp-block-image\">\n<figure class=\"aligncenter size-large\"><img loading=\"lazy\" decoding=\"async\" width=\"1024\" height=\"576\" src=\"https:\/\/diabeteenluberon.com\/wp-content\/uploads\/2026\/03\/image-1024x576.png\" alt=\"\" class=\"wp-image-676\" srcset=\"https:\/\/diabeteenluberon.com\/wp-content\/uploads\/2026\/03\/image-1024x576.png 1024w, https:\/\/diabeteenluberon.com\/wp-content\/uploads\/2026\/03\/image-300x169.png 300w, https:\/\/diabeteenluberon.com\/wp-content\/uploads\/2026\/03\/image-768x432.png 768w, https:\/\/diabeteenluberon.com\/wp-content\/uploads\/2026\/03\/image-1536x864.png 1536w, https:\/\/diabeteenluberon.com\/wp-content\/uploads\/2026\/03\/image.png 1600w\" sizes=\"(max-width: 1024px) 100vw, 1024px\" \/><figcaption class=\"wp-element-caption\">Exemple d&rsquo;Atelier : Le diab\u00e8te, parlons en&#8230; avec la gestion du stress.<\/figcaption><\/figure><\/div>","protected":false},"excerpt":{"rendered":"<p>Education th\u00e9rapeutique du patient Programme d\u2019\u00e9ducation th\u00e9rapeutique du Patient (ETP) que nous avons \u00e9labor\u00e9 avec Anne-C\u00e9cile Ertl\u00e9, Patiente Experte en maladies chroniques et Pr\u00e9sidente de l&rsquo;association, Ludivine P\u00e9pin, infirmi\u00e8re en charge de l\u2019\u00e9ducation du Centre hospitalier du Pays d\u2019Apt Luberon. Une rencontre, des id\u00e9es et une envie commune ont \u00e9t\u00e9 \u00e0 l\u2019origine du nouveau programme&hellip; <br \/> <a class=\"read-more\" href=\"https:\/\/diabeteenluberon.com\/index.php\/etp-ateliers-diabete\/\">Lire la suite<\/a><\/p>\n","protected":false},"author":1,"featured_media":0,"parent":0,"menu_order":0,"comment_status":"closed","ping_status":"closed","template":"","meta":{"footnotes":""},"yoast_head":"<!-- This site is optimized with the Yoast SEO plugin v17.6 - https:\/\/yoast.com\/wordpress\/plugins\/seo\/ -->\n<title>ETP ~ Diab\u00e8te en Luberon<\/title>\n<meta name=\"description\" content=\"Education th\u00e9rapeutique du patient de type 2 et ses aidants. Au CHU du Pays d&#039;Apt Luberon 84. Association Diab\u00e8te en Luberon. Ateliers.\" \/>\n<meta name=\"robots\" content=\"index, follow, max-snippet:-1, max-image-preview:large, max-video-preview:-1\" \/>\n<link rel=\"canonical\" href=\"https:\/\/diabeteenluberon.com\/index.php\/etp-ateliers-diabete\/\" \/>\n<meta property=\"og:locale\" content=\"fr_FR\" \/>\n<meta property=\"og:type\" content=\"article\" \/>\n<meta property=\"og:title\" content=\"ETP ~ Diab\u00e8te en Luberon\" \/>\n<meta property=\"og:description\" content=\"Education th\u00e9rapeutique du patient de type 2 et ses aidants. Au CHU du Pays d&#039;Apt Luberon 84. Association Diab\u00e8te en Luberon. Ateliers.\" \/>\n<meta property=\"og:url\" content=\"https:\/\/diabeteenluberon.com\/index.php\/etp-ateliers-diabete\/\" \/>\n<meta property=\"og:site_name\" content=\"Diab\u00e8te en Luberon\" \/>\n<meta property=\"article:publisher\" content=\"https:\/\/www.facebook.com\/Diab%c3%a8te-en-Luberon-669898170092016\/\" \/>\n<meta property=\"article:modified_time\" content=\"2026-03-05T09:32:46+00:00\" \/>\n<meta property=\"og:image\" content=\"https:\/\/diabeteenluberon.com\/wp-content\/uploads\/2026\/03\/image-2-1024x576.png\" \/>\n<meta name=\"twitter:card\" content=\"summary_large_image\" \/>\n<meta name=\"twitter:label1\" content=\"Dur\u00e9e de lecture estim\u00e9e\" \/>\n\t<meta name=\"twitter:data1\" content=\"1 minute\" \/>\n<script type=\"application\/ld+json\" class=\"yoast-schema-graph\">{\"@context\":\"https:\/\/schema.org\",\"@graph\":[{\"@type\":\"Organization\",\"@id\":\"https:\/\/diabeteenluberon.com\/#organization\",\"name\":\"Diab\\u00e8te en Luberon\",\"url\":\"https:\/\/diabeteenluberon.com\/\",\"sameAs\":[\"https:\/\/www.facebook.com\/Diab\\u00e8te-en-Luberon-669898170092016\/\"],\"logo\":{\"@type\":\"ImageObject\",\"@id\":\"https:\/\/diabeteenluberon.com\/#logo\",\"inLanguage\":\"fr-FR\",\"url\":\"https:\/\/i0.wp.com\/diabeteenluberon.com\/wp-content\/uploads\/2019\/02\/photo-castllet-vue-e1561732573858.jpg?fit=800%2C600&ssl=1\",\"contentUrl\":\"https:\/\/i0.wp.com\/diabeteenluberon.com\/wp-content\/uploads\/2019\/02\/photo-castllet-vue-e1561732573858.jpg?fit=800%2C600&ssl=1\",\"width\":800,\"height\":600,\"caption\":\"Diab\\u00e8te en Luberon\"},\"image\":{\"@id\":\"https:\/\/diabeteenluberon.com\/#logo\"}},{\"@type\":\"WebSite\",\"@id\":\"https:\/\/diabeteenluberon.com\/#website\",\"url\":\"https:\/\/diabeteenluberon.com\/\",\"name\":\"Diab\\u00e8te en Luberon\",\"description\":\"\",\"publisher\":{\"@id\":\"https:\/\/diabeteenluberon.com\/#organization\"},\"potentialAction\":[{\"@type\":\"SearchAction\",\"target\":{\"@type\":\"EntryPoint\",\"urlTemplate\":\"https:\/\/diabeteenluberon.com\/?s={search_term_string}\"},\"query-input\":\"required name=search_term_string\"}],\"inLanguage\":\"fr-FR\"},{\"@type\":\"ImageObject\",\"@id\":\"https:\/\/diabeteenluberon.com\/index.php\/etp-ateliers-diabete\/#primaryimage\",\"inLanguage\":\"fr-FR\",\"url\":\"https:\/\/diabeteenluberon.com\/wp-content\/uploads\/2026\/03\/image-2.png\",\"contentUrl\":\"https:\/\/diabeteenluberon.com\/wp-content\/uploads\/2026\/03\/image-2.png\",\"width\":1600,\"height\":900},{\"@type\":\"WebPage\",\"@id\":\"https:\/\/diabeteenluberon.com\/index.php\/etp-ateliers-diabete\/#webpage\",\"url\":\"https:\/\/diabeteenluberon.com\/index.php\/etp-ateliers-diabete\/\",\"name\":\"ETP ~ Diab\\u00e8te en Luberon\",\"isPartOf\":{\"@id\":\"https:\/\/diabeteenluberon.com\/#website\"},\"primaryImageOfPage\":{\"@id\":\"https:\/\/diabeteenluberon.com\/index.php\/etp-ateliers-diabete\/#primaryimage\"},\"datePublished\":\"2026-03-05T09:32:45+00:00\",\"dateModified\":\"2026-03-05T09:32:46+00:00\",\"description\":\"Education th\\u00e9rapeutique du patient de type 2 et ses aidants. Au CHU du Pays d'Apt Luberon 84. Association Diab\\u00e8te en Luberon. Ateliers.\",\"breadcrumb\":{\"@id\":\"https:\/\/diabeteenluberon.com\/index.php\/etp-ateliers-diabete\/#breadcrumb\"},\"inLanguage\":\"fr-FR\",\"potentialAction\":[{\"@type\":\"ReadAction\",\"target\":[\"https:\/\/diabeteenluberon.com\/index.php\/etp-ateliers-diabete\/\"]}]},{\"@type\":\"BreadcrumbList\",\"@id\":\"https:\/\/diabeteenluberon.com\/index.php\/etp-ateliers-diabete\/#breadcrumb\",\"itemListElement\":[{\"@type\":\"ListItem\",\"position\":1,\"name\":\"Accueil\",\"item\":\"https:\/\/diabeteenluberon.com\/\"},{\"@type\":\"ListItem\",\"position\":2,\"name\":\"ETP\"}]}]}<\/script>\n<!-- \/ Yoast SEO plugin. -->","yoast_head_json":{"title":"ETP ~ Diab\u00e8te en Luberon","description":"Education th\u00e9rapeutique du patient de type 2 et ses aidants. Au CHU du Pays d'Apt Luberon 84. Association Diab\u00e8te en Luberon. Ateliers.","robots":{"index":"index","follow":"follow","max-snippet":"max-snippet:-1","max-image-preview":"max-image-preview:large","max-video-preview":"max-video-preview:-1"},"canonical":"https:\/\/diabeteenluberon.com\/index.php\/etp-ateliers-diabete\/","og_locale":"fr_FR","og_type":"article","og_title":"ETP ~ Diab\u00e8te en Luberon","og_description":"Education th\u00e9rapeutique du patient de type 2 et ses aidants. Au CHU du Pays d'Apt Luberon 84. Association Diab\u00e8te en Luberon. Ateliers.","og_url":"https:\/\/diabeteenluberon.com\/index.php\/etp-ateliers-diabete\/","og_site_name":"Diab\u00e8te en Luberon","article_publisher":"https:\/\/www.facebook.com\/Diab%c3%a8te-en-Luberon-669898170092016\/","article_modified_time":"2026-03-05T09:32:46+00:00","og_image":[{"url":"https:\/\/diabeteenluberon.com\/wp-content\/uploads\/2026\/03\/image-2-1024x576.png"}],"twitter_card":"summary_large_image","twitter_misc":{"Dur\u00e9e de lecture estim\u00e9e":"1 minute"},"schema":{"@context":"https:\/\/schema.org","@graph":[{"@type":"Organization","@id":"https:\/\/diabeteenluberon.com\/#organization","name":"Diab\u00e8te en Luberon","url":"https:\/\/diabeteenluberon.com\/","sameAs":["https:\/\/www.facebook.com\/Diab\u00e8te-en-Luberon-669898170092016\/"],"logo":{"@type":"ImageObject","@id":"https:\/\/diabeteenluberon.com\/#logo","inLanguage":"fr-FR","url":"https:\/\/i0.wp.com\/diabeteenluberon.com\/wp-content\/uploads\/2019\/02\/photo-castllet-vue-e1561732573858.jpg?fit=800%2C600&ssl=1","contentUrl":"https:\/\/i0.wp.com\/diabeteenluberon.com\/wp-content\/uploads\/2019\/02\/photo-castllet-vue-e1561732573858.jpg?fit=800%2C600&ssl=1","width":800,"height":600,"caption":"Diab\u00e8te en Luberon"},"image":{"@id":"https:\/\/diabeteenluberon.com\/#logo"}},{"@type":"WebSite","@id":"https:\/\/diabeteenluberon.com\/#website","url":"https:\/\/diabeteenluberon.com\/","name":"Diab\u00e8te en Luberon","description":"","publisher":{"@id":"https:\/\/diabeteenluberon.com\/#organization"},"potentialAction":[{"@type":"SearchAction","target":{"@type":"EntryPoint","urlTemplate":"https:\/\/diabeteenluberon.com\/?s={search_term_string}"},"query-input":"required name=search_term_string"}],"inLanguage":"fr-FR"},{"@type":"ImageObject","@id":"https:\/\/diabeteenluberon.com\/index.php\/etp-ateliers-diabete\/#primaryimage","inLanguage":"fr-FR","url":"https:\/\/diabeteenluberon.com\/wp-content\/uploads\/2026\/03\/image-2.png","contentUrl":"https:\/\/diabeteenluberon.com\/wp-content\/uploads\/2026\/03\/image-2.png","width":1600,"height":900},{"@type":"WebPage","@id":"https:\/\/diabeteenluberon.com\/index.php\/etp-ateliers-diabete\/#webpage","url":"https:\/\/diabeteenluberon.com\/index.php\/etp-ateliers-diabete\/","name":"ETP ~ Diab\u00e8te en Luberon","isPartOf":{"@id":"https:\/\/diabeteenluberon.com\/#website"},"primaryImageOfPage":{"@id":"https:\/\/diabeteenluberon.com\/index.php\/etp-ateliers-diabete\/#primaryimage"},"datePublished":"2026-03-05T09:32:45+00:00","dateModified":"2026-03-05T09:32:46+00:00","description":"Education th\u00e9rapeutique du patient de type 2 et ses aidants. Au CHU du Pays d'Apt Luberon 84. Association Diab\u00e8te en Luberon. Ateliers.","breadcrumb":{"@id":"https:\/\/diabeteenluberon.com\/index.php\/etp-ateliers-diabete\/#breadcrumb"},"inLanguage":"fr-FR","potentialAction":[{"@type":"ReadAction","target":["https:\/\/diabeteenluberon.com\/index.php\/etp-ateliers-diabete\/"]}]},{"@type":"BreadcrumbList","@id":"https:\/\/diabeteenluberon.com\/index.php\/etp-ateliers-diabete\/#breadcrumb","itemListElement":[{"@type":"ListItem","position":1,"name":"Accueil","item":"https:\/\/diabeteenluberon.com\/"},{"@type":"ListItem","position":2,"name":"ETP"}]}]}},"_links":{"self":[{"href":"https:\/\/diabeteenluberon.com\/index.php\/wp-json\/wp\/v2\/pages\/673"}],"collection":[{"href":"https:\/\/diabeteenluberon.com\/index.php\/wp-json\/wp\/v2\/pages"}],"about":[{"href":"https:\/\/diabeteenluberon.com\/index.php\/wp-json\/wp\/v2\/types\/page"}],"author":[{"embeddable":true,"href":"https:\/\/diabeteenluberon.com\/index.php\/wp-json\/wp\/v2\/users\/1"}],"replies":[{"embeddable":true,"href":"https:\/\/diabeteenluberon.com\/index.php\/wp-json\/wp\/v2\/comments?post=673"}],"version-history":[{"count":2,"href":"https:\/\/diabeteenluberon.com\/index.php\/wp-json\/wp\/v2\/pages\/673\/revisions"}],"predecessor-version":[{"id":683,"href":"https:\/\/diabeteenluberon.com\/index.php\/wp-json\/wp\/v2\/pages\/673\/revisions\/683"}],"wp:attachment":[{"href":"https:\/\/diabeteenluberon.com\/index.php\/wp-json\/wp\/v2\/media?parent=673"}],"curies":[{"name":"wp","href":"https:\/\/api.w.org\/{rel}","templated":true}]}}