{"id":4,"date":"2019-02-04T18:54:28","date_gmt":"2019-02-04T17:54:28","guid":{"rendered":"http:\/\/diabeteenluberon.com\/index.php\/mesmerize\/"},"modified":"2026-03-05T11:08:18","modified_gmt":"2026-03-05T10:08:18","slug":"provence-diabete-education-sport-alimentation","status":"publish","type":"page","link":"https:\/\/diabeteenluberon.com\/","title":{"rendered":"Accueil"},"content":{"rendered":"<div  data-label=\"Features\" data-id=\"features--3\" data-export-id=\"features-16\" data-category=\"features\" class=\"features-16 content-section content-section-spacing\" id=\"features-3\" style=\"background-color: rgb(245, 250, 253);\"><div  class=\"gridContainer\"> <div  class=\"row text-center\"><div  class=\"section-title-col\" data-type=\"column\"> <h2  class=\"\">Une structure d\u2019\u00e9ducation<\/h2> <\/div> <\/div> <div  class=\"row spaced-cols\" data-type=\"row\"> <div  class=\"col-xs-12 col-sm-6 col-md-4 space-bottom\"> <img  decoding=\"async\" class=\"face\" src=\"https:\/\/diabeteenluberon.com\/wp-content\/uploads\/2020\/01\/cropped-95913-12016521-1.jpg\" title=\"cropped-95913-12016521-1.jpg\" alt=\"\"> <div  data-type=\"column\" class=\"col-padding-small col-padding-small-xs description-container\"> <h4  class=\"font-500\">Conf\u00e9rences et \u00e9changes<\/h4> <p  class=\"\">En famille \u2013 \u00c0 l\u2019\u00e9cole \u2013 Au travail\u2026<\/p> <a class=\"read-more\" href=\"https:\/\/diabeteenluberon.com\/index.php\/campagne-de-prevention-et-sensibilisation-aux-maladies-chroniques-en-pays-dapt\" target=\"_self\" data-cp-link=\"1\" rel=\"noopener\">En savoir plus<\/a><\/div> <\/div> <div  class=\"col-xs-12 col-sm-6 col-md-4 space-bottom\"> <img  decoding=\"async\" class=\"face\" src=\"https:\/\/diabeteenluberon.com\/wp-content\/uploads\/2026\/03\/cropped-image-2-1.png\" title=\"cropped-image-2-1.png\" alt=\"\"> <div  data-type=\"column\" class=\"col-padding-small col-padding-small-xs description-container\"> <h4  class=\"font-500\">ETP<\/h4> <p  class=\"\">Stages : ateliers \u00e9ducatifs et nutritionnels<\/p> <a class=\"read-more\" href=\"https:\/\/diabeteenluberon.com\/index.php\/etp-ateliers-diabete\" target=\"_self\" data-cp-link=\"1\" rel=\"noopener\">En savoir plus<\/a><\/div> <\/div> <div  class=\"col-xs-12 col-sm-6 col-md-4 space-bottom\"> <img  decoding=\"async\" class=\"face\" src=\"https:\/\/diabeteenluberon.com\/wp-content\/uploads\/2020\/01\/cropped-Sortie-velo-electrique-.jpg\" title=\"cropped-Sortie-velo-electrique-.jpg\" alt=\"\"> <div  data-type=\"column\" class=\"col-padding-small col-padding-small-xs description-container\"> <h4  class=\"font-500\">Sorties sportives encadr\u00e9es<\/h4> <p  class=\"\">Stages \u201cSport et Bien-\u00eatre adapt\u00e9\u201d<\/p> <a class=\"read-more\" href=\"https:\/\/diabeteenluberon.com\/index.php\/structure-deducation-des-maladies-chroniques-en-pays-dpt\" target=\"_self\" data-cp-link=\"1\" rel=\"noopener\">En savoir plus<\/a><\/div> <\/div><\/div> <\/div><\/div><div  data-label=\"Features\" data-id=\"features--2\" data-export-id=\"features-16-card-bordered\" data-category=\"features\" class=\"features-16-card-bordered content-section content-section-spacing\" id=\"features-2\" style=\"background-color: rgb(245, 250, 253);\"><div  class=\"gridContainer\"> <div  class=\"row text-center\"><div  class=\"section-title-col\" data-type=\"column\"> <h2  class=\"\">Objectif Sant\u00e9 Sport et Bien-\u00eatre !\n<br >Nos propositions :<\/h2> <p  class=\"lead\">Du sport adapt\u00e9 avec des s\u00e9ances de baln\u00e9oth\u00e9rapie !<\/p><\/div> <\/div> <div  class=\"row spaced-cols content-left-sm end-sm\" data-type=\"row\">    <div  class=\"col-xs-12 col-sm-6 col-md-6 \"> <div  class=\"card no-padding bordered y-move\"> <img  decoding=\"async\" class=\"face jetpack-lazy-image jetpack-lazy-image--handled\" src=\"https:\/\/diabeteenluberon.com\/wp-content\/uploads\/2021\/08\/cropped-cropped-cropped-1-1-1.png\" title=\"cropped-cropped-cropped-1-1-1.png\" alt=\"\" data-recalc-dims=\"1\" data-lazy-loaded=\"1\" loading=\"eager\"> <div  data-type=\"column\" class=\"col-padding-small col-padding-small-xs description-container\"> <h4  class=\"font-500\">Carte D\u00e9couverte 1 s\u00e9ance sur rendez-vous !<\/h4> <p  class=\"\">Profitez des bienfaits du sport en douceur, 25\u20ac la premi\u00e8re s\u00e9ance avec adh\u00e9sion incluse (20\u20ac). Sur rendez-vous.<br ><br >S\u00e9ances pour 2 \u00e0 4 personnes.<\/p><\/div> <div  data-type=\"column\" class=\"col-padding-small col-padding-small-xs read-more-container\"><a class=\"read-more\" href=\"https:\/\/diabeteenluberon.com\/index.php\/balneotherapie-a-apt-aquabiking-sport-adapte\" target=\"_self\" data-cp-link=\"1\" rel=\"noopener\">En savoir plus<\/a><\/div> <\/div><\/div><div  class=\"col-xs-12 col-sm-6 col-md-6 \"> <div  class=\"card no-padding bordered y-move\"> <img  decoding=\"async\" class=\"face jetpack-lazy-image jetpack-lazy-image--handled\" src=\"https:\/\/i0.wp.com\/diabeteenluberon.com\/wp-content\/uploads\/2021\/08\/cropped-1.png?w=3840&amp;ssl=1\" title=\"cropped-1.png\" alt=\"\" data-recalc-dims=\"1\" data-lazy-loaded=\"1\" loading=\"eager\"> <div  data-type=\"column\" class=\"col-padding-small col-padding-small-xs description-container\"> <h4  class=\"font-500\">Carte adh\u00e9rent 10 s\u00e9ances<\/h4> <p  class=\"\">Profitez des bienfaits du sport en douceur gr\u00e2ce au Pack 10 s\u00e9ances de baln\u00e9oth\u00e9rapie et Aquabiking, valable 6 mois.\n<br ><br >S\u00e9ances pour 2 \u00e0 4 personnes.<\/p><\/div> <div  data-type=\"column\" class=\"col-padding-small col-padding-small-xs read-more-container\"><a class=\"read-more\" href=\"https:\/\/diabeteenluberon.com\/index.php\/balneotherapie-a-apt-aquabiking-sport-adapte\" target=\"_self\" data-cp-link=\"1\" rel=\"noopener\">En savoir plus<\/a><\/div> <\/div><\/div><\/div><\/div> <\/div><div  data-label=\"Content\" data-id=\"content--1\" data-export-id=\"content-7\" data-category=\"content\" class=\"content-7 content-section content-section-spacing\" id=\"content-1\" style=\"background-color: rgb(255, 255, 255); background-image: none;\"><div  class=\"gridContainer\"> <div  class=\"row middle-sm\"><div  class=\"col-sm-6 space-bottom-xs\" data-type=\"column\">   <p  class=\"lead\"><\/p><h2  class=\"\" style=\"margin-bottom: 16px; outline: rgb(204, 204, 204) solid 1px;\">Envie de soutenir mon projet?<\/h2><p  class=\"\">Restons en contact et nous serons bient\u00f4t partenaires !!!\n<\/p><h3  class=\"\"><\/h3><h2  class=\"\" style=\"margin-bottom: 16px; outline: rgb(204, 204, 204) solid 1px;\"><\/h2><h3  class=\"\"><\/h3><h2  class=\"\" style=\"margin-bottom: 16px; outline: rgb(204, 204, 204) solid 1px;\">Ready to support my project?<\/h2><p  class=\"\">Let\u2019s stay in touch and we will soon be partners !!!<\/p><\/div> <div  class=\"col-sm-6\" data-type=\"column\"> <img  decoding=\"async\" loading=\"lazy\" class=\"shadow-large jetpack-lazy-image jetpack-lazy-image--handled\" src=\"https:\/\/i2.wp.com\/diabeteenluberon.com\/wp-content\/uploads\/2019\/07\/cropped-CASTELLET9sign%C3%A9.jpg?zoom=1.5&amp;w=3840&amp;ssl=1\" alt=\"\" title=\"cropped-CASTELLET9sign\u00e9.jpg\" data-lazy-loaded=\"1\" width=\"403\" height=\"302\" src-orig=\"https:\/\/i2.wp.com\/diabeteenluberon.com\/wp-content\/uploads\/2019\/07\/cropped-CASTELLET9sign%C3%A9.jpg?w=3840&amp;ssl=1\" scale=\"1.5\"><\/div> <\/div><\/div> <\/div><div  id=\"contact-1\" data-label=\"Contact\" data-id=\"contact-1\" data-export-id=\"contact-1\" data-category=\"contact\" class=\"contact-1 content-section content-section-spacing white-text\" data-parallax-depth=\"20\" style=\"background-size: cover; background-position: center top; background-image: url(&quot;https:\/\/diabeteenluberon.com\/wp-content\/uploads\/2019\/06\/ochre-962391_960_720.jpg&quot;);\"><div  class=\"gridContainer\"> <div  class=\"row text-center\"><div  class=\"section-title-col\" data-type=\"column\"> <h2  class=\"\">Contact<\/h2> <\/div> <\/div> <div  class=\"row text-center\"> <div  class=\"col-xs-12 col-sm-8 col-sm-offset-2 contact-form-wrapper inline-info\"> <div  class=\"card large-padding\"> <div  class=\"\" data-content-shortcode=\"mesmerize_contact_form shortcode=&quot;wpforms id=&amp;amp;quot;45&amp;amp;quot; title=&amp;amp;quot;false&amp;amp;quot; description=&amp;amp;quot;false&amp;amp;quot;&quot;\" data-editable=\"true\"><div class=\"wpforms-container wpforms-container-full\" id=\"wpforms-45\"><form id=\"wpforms-form-45\" class=\"wpforms-validate wpforms-form\" data-formid=\"45\" method=\"post\" enctype=\"multipart\/form-data\" action=\"\/index.php\/wp-json\/wp\/v2\/pages\/4\" data-token=\"904dd10ec6c60a6bbd73e228b6114dee\"><noscript class=\"wpforms-error-noscript\">Veuillez activer JavaScript dans votre navigateur pour remplir ce formulaire.<\/noscript><div class=\"wpforms-field-container\"><div id=\"wpforms-45-field_3-container\" class=\"wpforms-field wpforms-field-name\" data-field-id=\"3\"><label class=\"wpforms-field-label\" for=\"wpforms-45-field_3\">Nom \/ Family name <span class=\"wpforms-required-label\">*<\/span><\/label><input type=\"text\" id=\"wpforms-45-field_3\" class=\"wpforms-field-medium wpforms-field-required\" name=\"wpforms[fields][3]\" required><\/div><div id=\"wpforms-45-field_0-container\" class=\"wpforms-field wpforms-field-name\" data-field-id=\"0\"><label class=\"wpforms-field-label\" for=\"wpforms-45-field_0\">Pr\u00e9nom \/ Name <span class=\"wpforms-required-label\">*<\/span><\/label><input type=\"text\" id=\"wpforms-45-field_0\" class=\"wpforms-field-large wpforms-field-required\" name=\"wpforms[fields][0]\" required><\/div><div id=\"wpforms-45-field_4-container\" class=\"wpforms-field wpforms-field-text\" data-field-id=\"4\"><label class=\"wpforms-field-label\" for=\"wpforms-45-field_4\">Votre pays \/ Your country of residence <span class=\"wpforms-required-label\">*<\/span><\/label><input type=\"text\" id=\"wpforms-45-field_4\" class=\"wpforms-field-medium wpforms-field-required\" name=\"wpforms[fields][4]\" required><\/div><div id=\"wpforms-45-field_1-container\" class=\"wpforms-field wpforms-field-email\" data-field-id=\"1\"><label class=\"wpforms-field-label\" for=\"wpforms-45-field_1\">Email address <span class=\"wpforms-required-label\">*<\/span><\/label><input type=\"email\" id=\"wpforms-45-field_1\" class=\"wpforms-field-large wpforms-field-required\" name=\"wpforms[fields][1]\" required><\/div><div id=\"wpforms-45-field_2-container\" class=\"wpforms-field wpforms-field-textarea\" data-field-id=\"2\"><label class=\"wpforms-field-label\" for=\"wpforms-45-field_2\">Votre Message \/ Your feedback (if any) <span class=\"wpforms-required-label\">*<\/span><\/label><textarea id=\"wpforms-45-field_2\" class=\"wpforms-field-large wpforms-field-required\" name=\"wpforms[fields][2]\" required><\/textarea><\/div><\/div><div class=\"wpforms-field wpforms-field-hp\"><label for=\"wpforms-45-field-hp\" class=\"wpforms-field-label\">Phone<\/label><input type=\"text\" name=\"wpforms[hp]\" id=\"wpforms-45-field-hp\" class=\"wpforms-field-medium\"><\/div><div class=\"wpforms-submit-container\"><input type=\"hidden\" name=\"wpforms[id]\" value=\"45\"><input type=\"hidden\" name=\"wpforms[author]\" value=\"1\"><button type=\"submit\" name=\"wpforms[submit]\" id=\"wpforms-submit-45\" class=\"wpforms-submit button color1\" data-alt-text=\"Sending...\" data-submit-text=\"Envoyer \/ Go\" aria-live=\"assertive\" value=\"wpforms-submit\">Envoyer \/ Go<\/button><\/div><\/form><\/div>  <!-- .wpforms-container --><\/div><\/div> <\/div><\/div> <\/div><\/div>","protected":false},"excerpt":{"rendered":"<p>Une structure d\u2019\u00e9ducation Conf\u00e9rences et \u00e9changes En famille \u2013 \u00c0 l\u2019\u00e9cole \u2013 Au travail\u2026 En savoir plus ETP Stages : ateliers \u00e9ducatifs et nutritionnels En savoir plus Sorties sportives encadr\u00e9es Stages \u201cSport et Bien-\u00eatre adapt\u00e9\u201d En savoir plus Objectif Sant\u00e9 Sport et Bien-\u00eatre ! Nos propositions : Du sport adapt\u00e9 avec des s\u00e9ances de baln\u00e9oth\u00e9rapie&hellip; <br \/> <a class=\"read-more\" href=\"https:\/\/diabeteenluberon.com\/\">Lire la suite<\/a><\/p>\n","protected":false},"author":1,"featured_media":0,"parent":0,"menu_order":0,"comment_status":"closed","ping_status":"closed","template":"page-templates\/homepage.php","meta":{"footnotes":""},"yoast_head":"<!-- This site is optimized with the Yoast SEO plugin v17.6 - https:\/\/yoast.com\/wordpress\/plugins\/seo\/ -->\n<title>Provence Diab\u00e8te \u00c9ducation ~ Therapeutic project in Provence.<\/title>\n<meta name=\"description\" content=\"Provence Diab\u00e8te \u00c9ducation ~ Enqu\u00eate et projet ~ Investigation for a therapeutic project in Provence ~ Alimentation ~ Food ~ Sport ~ Bien-\u00eatre ~ Well being\" \/>\n<meta name=\"robots\" content=\"index, follow, max-snippet:-1, max-image-preview:large, max-video-preview:-1\" \/>\n<link rel=\"canonical\" href=\"https:\/\/diabeteenluberon.com\/\" \/>\n<meta property=\"og:locale\" content=\"fr_FR\" \/>\n<meta property=\"og:type\" content=\"article\" \/>\n<meta property=\"og:title\" content=\"diab\u00e8te en luberon\" \/>\n<meta property=\"og:description\" content=\"Chers amis, cette page pour vous proposer de partager un projet qui me trotte en t\u00eate! J&#039;en appelle aux personnes touch\u00e9es par le diab\u00e8te et vous invite \u00e0 aller voir le site : diabeteenluberon.com et de vous y laisser guider. En quelques minutes, vous me permettrez de savoir la faisabilit\u00e9 de mon projet : une nouvelle approche de l&#039;\u00e9ducation autour du diab\u00e8te, ses traitements, l&#039;alimentation, les risques ou encore les bienfaits du sport. Merci de partager au maximun!!!\" \/>\n<meta property=\"og:url\" content=\"https:\/\/diabeteenluberon.com\/\" \/>\n<meta property=\"og:site_name\" content=\"Diab\u00e8te en Luberon\" \/>\n<meta property=\"article:publisher\" content=\"https:\/\/www.facebook.com\/Diab%c3%a8te-en-Luberon-669898170092016\/\" \/>\n<meta property=\"article:modified_time\" content=\"2026-03-05T10:08:18+00:00\" \/>\n<meta property=\"og:image\" content=\"https:\/\/diabeteenluberon.com\/wp-content\/uploads\/2019\/02\/CASTELLET.jpg\" \/>\n\t<meta property=\"og:image:width\" content=\"640\" \/>\n\t<meta property=\"og:image:height\" content=\"480\" \/>\n<meta name=\"twitter:card\" content=\"summary_large_image\" \/>\n<meta name=\"twitter:label1\" content=\"Dur\u00e9e de lecture estim\u00e9e\" \/>\n\t<meta name=\"twitter:data1\" content=\"1 minute\" \/>\n<script type=\"application\/ld+json\" class=\"yoast-schema-graph\">{\"@context\":\"https:\/\/schema.org\",\"@graph\":[{\"@type\":\"Organization\",\"@id\":\"https:\/\/diabeteenluberon.com\/#organization\",\"name\":\"Diab\\u00e8te en Luberon\",\"url\":\"https:\/\/diabeteenluberon.com\/\",\"sameAs\":[\"https:\/\/www.facebook.com\/Diab\\u00e8te-en-Luberon-669898170092016\/\"],\"logo\":{\"@type\":\"ImageObject\",\"@id\":\"https:\/\/diabeteenluberon.com\/#logo\",\"inLanguage\":\"fr-FR\",\"url\":\"https:\/\/i0.wp.com\/diabeteenluberon.com\/wp-content\/uploads\/2019\/02\/photo-castllet-vue-e1561732573858.jpg?fit=800%2C600&ssl=1\",\"contentUrl\":\"https:\/\/i0.wp.com\/diabeteenluberon.com\/wp-content\/uploads\/2019\/02\/photo-castllet-vue-e1561732573858.jpg?fit=800%2C600&ssl=1\",\"width\":800,\"height\":600,\"caption\":\"Diab\\u00e8te en Luberon\"},\"image\":{\"@id\":\"https:\/\/diabeteenluberon.com\/#logo\"}},{\"@type\":\"WebSite\",\"@id\":\"https:\/\/diabeteenluberon.com\/#website\",\"url\":\"https:\/\/diabeteenluberon.com\/\",\"name\":\"Diab\\u00e8te en Luberon\",\"description\":\"\",\"publisher\":{\"@id\":\"https:\/\/diabeteenluberon.com\/#organization\"},\"potentialAction\":[{\"@type\":\"SearchAction\",\"target\":{\"@type\":\"EntryPoint\",\"urlTemplate\":\"https:\/\/diabeteenluberon.com\/?s={search_term_string}\"},\"query-input\":\"required name=search_term_string\"}],\"inLanguage\":\"fr-FR\"},{\"@type\":\"ImageObject\",\"@id\":\"https:\/\/diabeteenluberon.com\/#primaryimage\",\"inLanguage\":\"fr-FR\",\"url\":\"https:\/\/diabeteenluberon.com\/wp-content\/uploads\/2019\/02\/CASTELLET.jpg\",\"contentUrl\":\"https:\/\/diabeteenluberon.com\/wp-content\/uploads\/2019\/02\/CASTELLET.jpg\",\"width\":640,\"height\":480},{\"@type\":\"WebPage\",\"@id\":\"https:\/\/diabeteenluberon.com\/#webpage\",\"url\":\"https:\/\/diabeteenluberon.com\/\",\"name\":\"Provence Diab\\u00e8te \\u00c9ducation ~ Therapeutic project in Provence.\",\"isPartOf\":{\"@id\":\"https:\/\/diabeteenluberon.com\/#website\"},\"primaryImageOfPage\":{\"@id\":\"https:\/\/diabeteenluberon.com\/#primaryimage\"},\"datePublished\":\"2019-02-04T17:54:28+00:00\",\"dateModified\":\"2026-03-05T10:08:18+00:00\",\"description\":\"Provence Diab\\u00e8te \\u00c9ducation ~ Enqu\\u00eate et projet ~ Investigation for a therapeutic project in Provence ~ Alimentation ~ Food ~ Sport ~ Bien-\\u00eatre ~ Well being\",\"breadcrumb\":{\"@id\":\"https:\/\/diabeteenluberon.com\/#breadcrumb\"},\"inLanguage\":\"fr-FR\",\"potentialAction\":[{\"@type\":\"ReadAction\",\"target\":[\"https:\/\/diabeteenluberon.com\/\"]}]},{\"@type\":\"BreadcrumbList\",\"@id\":\"https:\/\/diabeteenluberon.com\/#breadcrumb\",\"itemListElement\":[{\"@type\":\"ListItem\",\"position\":1,\"name\":\"Accueil\",\"item\":\"https:\/\/diabeteenluberon.com\/\"},{\"@type\":\"ListItem\",\"position\":2,\"name\":\"Accueil\"}]}]}<\/script>\n<!-- \/ Yoast SEO plugin. -->","yoast_head_json":{"title":"Provence Diab\u00e8te \u00c9ducation ~ Therapeutic project in Provence.","description":"Provence Diab\u00e8te \u00c9ducation ~ Enqu\u00eate et projet ~ Investigation for a therapeutic project in Provence ~ Alimentation ~ Food ~ Sport ~ Bien-\u00eatre ~ Well being","robots":{"index":"index","follow":"follow","max-snippet":"max-snippet:-1","max-image-preview":"max-image-preview:large","max-video-preview":"max-video-preview:-1"},"canonical":"https:\/\/diabeteenluberon.com\/","og_locale":"fr_FR","og_type":"article","og_title":"diab\u00e8te en luberon","og_description":"Chers amis, cette page pour vous proposer de partager un projet qui me trotte en t\u00eate! J'en appelle aux personnes touch\u00e9es par le diab\u00e8te et vous invite \u00e0 aller voir le site : diabeteenluberon.com et de vous y laisser guider. En quelques minutes, vous me permettrez de savoir la faisabilit\u00e9 de mon projet : une nouvelle approche de l'\u00e9ducation autour du diab\u00e8te, ses traitements, l'alimentation, les risques ou encore les bienfaits du sport. Merci de partager au maximun!!!","og_url":"https:\/\/diabeteenluberon.com\/","og_site_name":"Diab\u00e8te en Luberon","article_publisher":"https:\/\/www.facebook.com\/Diab%c3%a8te-en-Luberon-669898170092016\/","article_modified_time":"2026-03-05T10:08:18+00:00","og_image":[{"width":640,"height":480,"url":"https:\/\/diabeteenluberon.com\/wp-content\/uploads\/2019\/02\/CASTELLET.jpg","type":"image\/jpeg"}],"twitter_card":"summary_large_image","twitter_misc":{"Dur\u00e9e de lecture estim\u00e9e":"1 minute"},"schema":{"@context":"https:\/\/schema.org","@graph":[{"@type":"Organization","@id":"https:\/\/diabeteenluberon.com\/#organization","name":"Diab\u00e8te en Luberon","url":"https:\/\/diabeteenluberon.com\/","sameAs":["https:\/\/www.facebook.com\/Diab\u00e8te-en-Luberon-669898170092016\/"],"logo":{"@type":"ImageObject","@id":"https:\/\/diabeteenluberon.com\/#logo","inLanguage":"fr-FR","url":"https:\/\/i0.wp.com\/diabeteenluberon.com\/wp-content\/uploads\/2019\/02\/photo-castllet-vue-e1561732573858.jpg?fit=800%2C600&ssl=1","contentUrl":"https:\/\/i0.wp.com\/diabeteenluberon.com\/wp-content\/uploads\/2019\/02\/photo-castllet-vue-e1561732573858.jpg?fit=800%2C600&ssl=1","width":800,"height":600,"caption":"Diab\u00e8te en Luberon"},"image":{"@id":"https:\/\/diabeteenluberon.com\/#logo"}},{"@type":"WebSite","@id":"https:\/\/diabeteenluberon.com\/#website","url":"https:\/\/diabeteenluberon.com\/","name":"Diab\u00e8te en Luberon","description":"","publisher":{"@id":"https:\/\/diabeteenluberon.com\/#organization"},"potentialAction":[{"@type":"SearchAction","target":{"@type":"EntryPoint","urlTemplate":"https:\/\/diabeteenluberon.com\/?s={search_term_string}"},"query-input":"required name=search_term_string"}],"inLanguage":"fr-FR"},{"@type":"ImageObject","@id":"https:\/\/diabeteenluberon.com\/#primaryimage","inLanguage":"fr-FR","url":"https:\/\/diabeteenluberon.com\/wp-content\/uploads\/2019\/02\/CASTELLET.jpg","contentUrl":"https:\/\/diabeteenluberon.com\/wp-content\/uploads\/2019\/02\/CASTELLET.jpg","width":640,"height":480},{"@type":"WebPage","@id":"https:\/\/diabeteenluberon.com\/#webpage","url":"https:\/\/diabeteenluberon.com\/","name":"Provence Diab\u00e8te \u00c9ducation ~ Therapeutic project in Provence.","isPartOf":{"@id":"https:\/\/diabeteenluberon.com\/#website"},"primaryImageOfPage":{"@id":"https:\/\/diabeteenluberon.com\/#primaryimage"},"datePublished":"2019-02-04T17:54:28+00:00","dateModified":"2026-03-05T10:08:18+00:00","description":"Provence Diab\u00e8te \u00c9ducation ~ Enqu\u00eate et projet ~ Investigation for a therapeutic project in Provence ~ Alimentation ~ Food ~ Sport ~ Bien-\u00eatre ~ Well being","breadcrumb":{"@id":"https:\/\/diabeteenluberon.com\/#breadcrumb"},"inLanguage":"fr-FR","potentialAction":[{"@type":"ReadAction","target":["https:\/\/diabeteenluberon.com\/"]}]},{"@type":"BreadcrumbList","@id":"https:\/\/diabeteenluberon.com\/#breadcrumb","itemListElement":[{"@type":"ListItem","position":1,"name":"Accueil","item":"https:\/\/diabeteenluberon.com\/"},{"@type":"ListItem","position":2,"name":"Accueil"}]}]}},"_links":{"self":[{"href":"https:\/\/diabeteenluberon.com\/index.php\/wp-json\/wp\/v2\/pages\/4"}],"collection":[{"href":"https:\/\/diabeteenluberon.com\/index.php\/wp-json\/wp\/v2\/pages"}],"about":[{"href":"https:\/\/diabeteenluberon.com\/index.php\/wp-json\/wp\/v2\/types\/page"}],"author":[{"embeddable":true,"href":"https:\/\/diabeteenluberon.com\/index.php\/wp-json\/wp\/v2\/users\/1"}],"replies":[{"embeddable":true,"href":"https:\/\/diabeteenluberon.com\/index.php\/wp-json\/wp\/v2\/comments?post=4"}],"version-history":[{"count":96,"href":"https:\/\/diabeteenluberon.com\/index.php\/wp-json\/wp\/v2\/pages\/4\/revisions"}],"predecessor-version":[{"id":698,"href":"https:\/\/diabeteenluberon.com\/index.php\/wp-json\/wp\/v2\/pages\/4\/revisions\/698"}],"wp:attachment":[{"href":"https:\/\/diabeteenluberon.com\/index.php\/wp-json\/wp\/v2\/media?parent=4"}],"curies":[{"name":"wp","href":"https:\/\/api.w.org\/{rel}","templated":true}]}}