{"id":319,"date":"2020-01-10T20:40:13","date_gmt":"2020-01-10T19:40:13","guid":{"rendered":"https:\/\/diabeteenluberon.com\/?page_id=319"},"modified":"2026-03-05T10:33:30","modified_gmt":"2026-03-05T09:33:30","slug":"campagne-de-prevention-et-sensibilisation-aux-maladies-chroniques-en-pays-dapt","status":"publish","type":"page","link":"https:\/\/diabeteenluberon.com\/index.php\/campagne-de-prevention-et-sensibilisation-aux-maladies-chroniques-en-pays-dapt\/","title":{"rendered":"Pr\u00e9vention"},"content":{"rendered":"\n<p class=\"has-text-align-center has-black-color has-text-color\" style=\"font-size:18px\">L&rsquo;Association Diab\u00e8te en Luberon se pr\u00e9pare et se forme pour bient\u00f4t proposer un Programme d\u2019information, pr\u00e9vention et de sensibilisation au Diab\u00e8te, pr\u00e9-diab\u00e8te, Maladies Cardiovasculaires et Ob\u00e9sit\u00e9 anim\u00e9 par un patient expert et une di\u00e9t\u00e9ticienne form\u00e9e pour dispenser l&rsquo;ETP hors les murs.<br>(Programme d&rsquo;\u00c9ducation Th\u00e9rapeutique).<\/p>\n\n\n\n<h2 class=\"wp-block-heading has-text-align-center\">Des conf\u00e9rences et ateliers sant\u00e9!<\/h2>\n\n\n\n<p class=\"has-very-light-gray-color has-text-color has-background\" style=\"background-color:#894f5c;font-size:18px\"><span style=\"text-decoration: underline;\">Dans des salles communales et associatives :<\/span> <br>Conf\u00e9rences gratuites (ouvertes \u00e0 tous) de sensibilisation, pr\u00e9vention (nutrition, comportements alimentaires et bienfaits du sport) et information aux maladies de civilisations, pr\u00e9sentation g\u00e9n\u00e9rale des maladies, pr\u00e9vention, d\u00e9pistages, traitements, risques et la gestion de ces maladies dans son quotidien. <\/p>\n\n\n\n<p class=\"has-very-light-gray-color has-text-color has-background\" style=\"background-color:#587a96;font-size:18px\"><span style=\"text-decoration: underline;\">Dans les entreprises locales :<\/span> <br>Partenariat avec la Sant\u00e9 au Travail pour animer une campagne de sensibilisation et d\u2019information concernant le Diab\u00e8te, pr\u00e9-diab\u00e8te, Maladies Cardiovasculaires et Ob\u00e9sit\u00e9 dans les entreprises locales.<br> Conf\u00e9rences et tables rondes sur la pr\u00e9vention (nutrition, comportements alimentaires et bienfaits du sport), le d\u00e9pistage, la maladie, la gestion de la pathologie au travail, la gestion du personnel concern\u00e9).<\/p>\n\n\n\n<p class=\"has-very-light-gray-color has-text-color has-background\" style=\"background-color:#d57028;font-size:18px\"><span style=\"text-decoration: underline;\">Dans les \u00e9tablissements scolaires, cr\u00e8ches, structures d\u2019accueil jeunesse :<\/span><br> Conf\u00e9rences de sensibilisation, pr\u00e9vention et information aux maladies de civilisations, pr\u00e9sentation g\u00e9n\u00e9rale des maladies, pr\u00e9vention (nutrition, comportements alimentaires et bienfaits du sport), d\u00e9pistages, traitements et gestion d\u2019un enfant atteint par ces maladies. Rencontres avec les \u00e9l\u00e8ves, parents et \u00e9quipes encadrantes et enseignantes. Tables rondes et \u00e9changes. Proposition d&rsquo;ateliers nutritionnels encadr\u00e9s : Analyse, Int\u00e9r\u00eat, Confection de go\u00fbt\u00e9s \u00e9quilibr\u00e9s. Valorisation des bonnes pratiques pour \u00e9viter les Maladies de Civilisation. <\/p>\n","protected":false},"excerpt":{"rendered":"<p>L&rsquo;Association Diab\u00e8te en Luberon se pr\u00e9pare et se forme pour bient\u00f4t proposer un Programme d\u2019information, pr\u00e9vention et de sensibilisation au Diab\u00e8te, pr\u00e9-diab\u00e8te, Maladies Cardiovasculaires et Ob\u00e9sit\u00e9 anim\u00e9 par un patient expert et une di\u00e9t\u00e9ticienne form\u00e9e pour dispenser l&rsquo;ETP hors les murs.(Programme d&rsquo;\u00c9ducation Th\u00e9rapeutique). Des conf\u00e9rences et ateliers sant\u00e9! Dans des salles communales et associatives :&hellip; <br \/> <a class=\"read-more\" href=\"https:\/\/diabeteenluberon.com\/index.php\/campagne-de-prevention-et-sensibilisation-aux-maladies-chroniques-en-pays-dapt\/\">Lire la suite<\/a><\/p>\n","protected":false},"author":1,"featured_media":286,"parent":0,"menu_order":0,"comment_status":"closed","ping_status":"closed","template":"","meta":{"footnotes":""},"yoast_head":"<!-- This site is optimized with the Yoast SEO plugin v17.6 - https:\/\/yoast.com\/wordpress\/plugins\/seo\/ -->\n<title>Pr\u00e9vention et sensibilisation ~ Maladies Chroniques ~ Diab\u00e8te en Luberon<\/title>\n<meta name=\"description\" content=\"Pr\u00e9vention et sensibilisation. Maladies Chroniques. Apt. Conf\u00e9rences \u00e9ducatives. Nutrition. Sant\u00e9. Diab\u00e8te. Maladies cardio-v. Surpoids.\" \/>\n<meta name=\"robots\" content=\"index, follow, max-snippet:-1, max-image-preview:large, max-video-preview:-1\" \/>\n<link rel=\"canonical\" href=\"https:\/\/diabeteenluberon.com\/index.php\/campagne-de-prevention-et-sensibilisation-aux-maladies-chroniques-en-pays-dapt\/\" \/>\n<meta property=\"og:locale\" content=\"fr_FR\" \/>\n<meta property=\"og:type\" content=\"article\" \/>\n<meta property=\"og:title\" content=\"Pr\u00e9vention et sensibilisation ~ Maladies Chroniques ~ Diab\u00e8te en Luberon\" \/>\n<meta property=\"og:description\" content=\"Pr\u00e9vention et sensibilisation. Maladies Chroniques. Apt. Conf\u00e9rences \u00e9ducatives. Nutrition. Sant\u00e9. Diab\u00e8te. Maladies cardio-v. Surpoids.\" \/>\n<meta property=\"og:url\" content=\"https:\/\/diabeteenluberon.com\/index.php\/campagne-de-prevention-et-sensibilisation-aux-maladies-chroniques-en-pays-dapt\/\" \/>\n<meta property=\"og:site_name\" content=\"Diab\u00e8te en Luberon\" \/>\n<meta property=\"article:publisher\" content=\"https:\/\/www.facebook.com\/Diab%c3%a8te-en-Luberon-669898170092016\/\" \/>\n<meta property=\"article:modified_time\" content=\"2026-03-05T09:33:30+00:00\" \/>\n<meta property=\"og:image\" content=\"https:\/\/diabeteenluberon.com\/wp-content\/uploads\/2019\/07\/Randonn\u00e9e-Diab\u00e8te-en-Luberon.jpg\" \/>\n\t<meta property=\"og:image:width\" content=\"1500\" \/>\n\t<meta property=\"og:image:height\" content=\"1125\" \/>\n<meta name=\"twitter:card\" content=\"summary_large_image\" \/>\n<meta name=\"twitter:label1\" content=\"Dur\u00e9e de lecture estim\u00e9e\" \/>\n\t<meta name=\"twitter:data1\" content=\"1 minute\" \/>\n<script type=\"application\/ld+json\" class=\"yoast-schema-graph\">{\"@context\":\"https:\/\/schema.org\",\"@graph\":[{\"@type\":\"Organization\",\"@id\":\"https:\/\/diabeteenluberon.com\/#organization\",\"name\":\"Diab\\u00e8te en Luberon\",\"url\":\"https:\/\/diabeteenluberon.com\/\",\"sameAs\":[\"https:\/\/www.facebook.com\/Diab\\u00e8te-en-Luberon-669898170092016\/\"],\"logo\":{\"@type\":\"ImageObject\",\"@id\":\"https:\/\/diabeteenluberon.com\/#logo\",\"inLanguage\":\"fr-FR\",\"url\":\"https:\/\/i0.wp.com\/diabeteenluberon.com\/wp-content\/uploads\/2019\/02\/photo-castllet-vue-e1561732573858.jpg?fit=800%2C600&ssl=1\",\"contentUrl\":\"https:\/\/i0.wp.com\/diabeteenluberon.com\/wp-content\/uploads\/2019\/02\/photo-castllet-vue-e1561732573858.jpg?fit=800%2C600&ssl=1\",\"width\":800,\"height\":600,\"caption\":\"Diab\\u00e8te en Luberon\"},\"image\":{\"@id\":\"https:\/\/diabeteenluberon.com\/#logo\"}},{\"@type\":\"WebSite\",\"@id\":\"https:\/\/diabeteenluberon.com\/#website\",\"url\":\"https:\/\/diabeteenluberon.com\/\",\"name\":\"Diab\\u00e8te en Luberon\",\"description\":\"\",\"publisher\":{\"@id\":\"https:\/\/diabeteenluberon.com\/#organization\"},\"potentialAction\":[{\"@type\":\"SearchAction\",\"target\":{\"@type\":\"EntryPoint\",\"urlTemplate\":\"https:\/\/diabeteenluberon.com\/?s={search_term_string}\"},\"query-input\":\"required name=search_term_string\"}],\"inLanguage\":\"fr-FR\"},{\"@type\":\"ImageObject\",\"@id\":\"https:\/\/diabeteenluberon.com\/index.php\/campagne-de-prevention-et-sensibilisation-aux-maladies-chroniques-en-pays-dapt\/#primaryimage\",\"inLanguage\":\"fr-FR\",\"url\":\"https:\/\/diabeteenluberon.com\/wp-content\/uploads\/2019\/07\/Randonn\\u00e9e-Diab\\u00e8te-en-Luberon.jpg\",\"contentUrl\":\"https:\/\/diabeteenluberon.com\/wp-content\/uploads\/2019\/07\/Randonn\\u00e9e-Diab\\u00e8te-en-Luberon.jpg\",\"width\":1500,\"height\":1125,\"caption\":\"Randonn\\u00e9e Diab\\u00e8te en Luberon\"},{\"@type\":\"WebPage\",\"@id\":\"https:\/\/diabeteenluberon.com\/index.php\/campagne-de-prevention-et-sensibilisation-aux-maladies-chroniques-en-pays-dapt\/#webpage\",\"url\":\"https:\/\/diabeteenluberon.com\/index.php\/campagne-de-prevention-et-sensibilisation-aux-maladies-chroniques-en-pays-dapt\/\",\"name\":\"Pr\\u00e9vention et sensibilisation ~ Maladies Chroniques ~ Diab\\u00e8te en Luberon\",\"isPartOf\":{\"@id\":\"https:\/\/diabeteenluberon.com\/#website\"},\"primaryImageOfPage\":{\"@id\":\"https:\/\/diabeteenluberon.com\/index.php\/campagne-de-prevention-et-sensibilisation-aux-maladies-chroniques-en-pays-dapt\/#primaryimage\"},\"datePublished\":\"2020-01-10T19:40:13+00:00\",\"dateModified\":\"2026-03-05T09:33:30+00:00\",\"description\":\"Pr\\u00e9vention et sensibilisation. Maladies Chroniques. Apt. Conf\\u00e9rences \\u00e9ducatives. Nutrition. Sant\\u00e9. Diab\\u00e8te. Maladies cardio-v. Surpoids.\",\"breadcrumb\":{\"@id\":\"https:\/\/diabeteenluberon.com\/index.php\/campagne-de-prevention-et-sensibilisation-aux-maladies-chroniques-en-pays-dapt\/#breadcrumb\"},\"inLanguage\":\"fr-FR\",\"potentialAction\":[{\"@type\":\"ReadAction\",\"target\":[\"https:\/\/diabeteenluberon.com\/index.php\/campagne-de-prevention-et-sensibilisation-aux-maladies-chroniques-en-pays-dapt\/\"]}]},{\"@type\":\"BreadcrumbList\",\"@id\":\"https:\/\/diabeteenluberon.com\/index.php\/campagne-de-prevention-et-sensibilisation-aux-maladies-chroniques-en-pays-dapt\/#breadcrumb\",\"itemListElement\":[{\"@type\":\"ListItem\",\"position\":1,\"name\":\"Accueil\",\"item\":\"https:\/\/diabeteenluberon.com\/\"},{\"@type\":\"ListItem\",\"position\":2,\"name\":\"Pr\\u00e9vention\"}]}]}<\/script>\n<!-- \/ Yoast SEO plugin. -->","yoast_head_json":{"title":"Pr\u00e9vention et sensibilisation ~ Maladies Chroniques ~ Diab\u00e8te en Luberon","description":"Pr\u00e9vention et sensibilisation. Maladies Chroniques. Apt. Conf\u00e9rences \u00e9ducatives. Nutrition. Sant\u00e9. Diab\u00e8te. Maladies cardio-v. Surpoids.","robots":{"index":"index","follow":"follow","max-snippet":"max-snippet:-1","max-image-preview":"max-image-preview:large","max-video-preview":"max-video-preview:-1"},"canonical":"https:\/\/diabeteenluberon.com\/index.php\/campagne-de-prevention-et-sensibilisation-aux-maladies-chroniques-en-pays-dapt\/","og_locale":"fr_FR","og_type":"article","og_title":"Pr\u00e9vention et sensibilisation ~ Maladies Chroniques ~ Diab\u00e8te en Luberon","og_description":"Pr\u00e9vention et sensibilisation. Maladies Chroniques. Apt. Conf\u00e9rences \u00e9ducatives. Nutrition. Sant\u00e9. Diab\u00e8te. Maladies cardio-v. Surpoids.","og_url":"https:\/\/diabeteenluberon.com\/index.php\/campagne-de-prevention-et-sensibilisation-aux-maladies-chroniques-en-pays-dapt\/","og_site_name":"Diab\u00e8te en Luberon","article_publisher":"https:\/\/www.facebook.com\/Diab%c3%a8te-en-Luberon-669898170092016\/","article_modified_time":"2026-03-05T09:33:30+00:00","og_image":[{"width":1500,"height":1125,"url":"https:\/\/diabeteenluberon.com\/wp-content\/uploads\/2019\/07\/Randonn\u00e9e-Diab\u00e8te-en-Luberon.jpg","type":"image\/jpeg"}],"twitter_card":"summary_large_image","twitter_misc":{"Dur\u00e9e de lecture estim\u00e9e":"1 minute"},"schema":{"@context":"https:\/\/schema.org","@graph":[{"@type":"Organization","@id":"https:\/\/diabeteenluberon.com\/#organization","name":"Diab\u00e8te en Luberon","url":"https:\/\/diabeteenluberon.com\/","sameAs":["https:\/\/www.facebook.com\/Diab\u00e8te-en-Luberon-669898170092016\/"],"logo":{"@type":"ImageObject","@id":"https:\/\/diabeteenluberon.com\/#logo","inLanguage":"fr-FR","url":"https:\/\/i0.wp.com\/diabeteenluberon.com\/wp-content\/uploads\/2019\/02\/photo-castllet-vue-e1561732573858.jpg?fit=800%2C600&ssl=1","contentUrl":"https:\/\/i0.wp.com\/diabeteenluberon.com\/wp-content\/uploads\/2019\/02\/photo-castllet-vue-e1561732573858.jpg?fit=800%2C600&ssl=1","width":800,"height":600,"caption":"Diab\u00e8te en Luberon"},"image":{"@id":"https:\/\/diabeteenluberon.com\/#logo"}},{"@type":"WebSite","@id":"https:\/\/diabeteenluberon.com\/#website","url":"https:\/\/diabeteenluberon.com\/","name":"Diab\u00e8te en Luberon","description":"","publisher":{"@id":"https:\/\/diabeteenluberon.com\/#organization"},"potentialAction":[{"@type":"SearchAction","target":{"@type":"EntryPoint","urlTemplate":"https:\/\/diabeteenluberon.com\/?s={search_term_string}"},"query-input":"required name=search_term_string"}],"inLanguage":"fr-FR"},{"@type":"ImageObject","@id":"https:\/\/diabeteenluberon.com\/index.php\/campagne-de-prevention-et-sensibilisation-aux-maladies-chroniques-en-pays-dapt\/#primaryimage","inLanguage":"fr-FR","url":"https:\/\/diabeteenluberon.com\/wp-content\/uploads\/2019\/07\/Randonn\u00e9e-Diab\u00e8te-en-Luberon.jpg","contentUrl":"https:\/\/diabeteenluberon.com\/wp-content\/uploads\/2019\/07\/Randonn\u00e9e-Diab\u00e8te-en-Luberon.jpg","width":1500,"height":1125,"caption":"Randonn\u00e9e Diab\u00e8te en Luberon"},{"@type":"WebPage","@id":"https:\/\/diabeteenluberon.com\/index.php\/campagne-de-prevention-et-sensibilisation-aux-maladies-chroniques-en-pays-dapt\/#webpage","url":"https:\/\/diabeteenluberon.com\/index.php\/campagne-de-prevention-et-sensibilisation-aux-maladies-chroniques-en-pays-dapt\/","name":"Pr\u00e9vention et sensibilisation ~ Maladies Chroniques ~ Diab\u00e8te en Luberon","isPartOf":{"@id":"https:\/\/diabeteenluberon.com\/#website"},"primaryImageOfPage":{"@id":"https:\/\/diabeteenluberon.com\/index.php\/campagne-de-prevention-et-sensibilisation-aux-maladies-chroniques-en-pays-dapt\/#primaryimage"},"datePublished":"2020-01-10T19:40:13+00:00","dateModified":"2026-03-05T09:33:30+00:00","description":"Pr\u00e9vention et sensibilisation. Maladies Chroniques. Apt. Conf\u00e9rences \u00e9ducatives. Nutrition. Sant\u00e9. Diab\u00e8te. Maladies cardio-v. Surpoids.","breadcrumb":{"@id":"https:\/\/diabeteenluberon.com\/index.php\/campagne-de-prevention-et-sensibilisation-aux-maladies-chroniques-en-pays-dapt\/#breadcrumb"},"inLanguage":"fr-FR","potentialAction":[{"@type":"ReadAction","target":["https:\/\/diabeteenluberon.com\/index.php\/campagne-de-prevention-et-sensibilisation-aux-maladies-chroniques-en-pays-dapt\/"]}]},{"@type":"BreadcrumbList","@id":"https:\/\/diabeteenluberon.com\/index.php\/campagne-de-prevention-et-sensibilisation-aux-maladies-chroniques-en-pays-dapt\/#breadcrumb","itemListElement":[{"@type":"ListItem","position":1,"name":"Accueil","item":"https:\/\/diabeteenluberon.com\/"},{"@type":"ListItem","position":2,"name":"Pr\u00e9vention"}]}]}},"_links":{"self":[{"href":"https:\/\/diabeteenluberon.com\/index.php\/wp-json\/wp\/v2\/pages\/319"}],"collection":[{"href":"https:\/\/diabeteenluberon.com\/index.php\/wp-json\/wp\/v2\/pages"}],"about":[{"href":"https:\/\/diabeteenluberon.com\/index.php\/wp-json\/wp\/v2\/types\/page"}],"author":[{"embeddable":true,"href":"https:\/\/diabeteenluberon.com\/index.php\/wp-json\/wp\/v2\/users\/1"}],"replies":[{"embeddable":true,"href":"https:\/\/diabeteenluberon.com\/index.php\/wp-json\/wp\/v2\/comments?post=319"}],"version-history":[{"count":26,"href":"https:\/\/diabeteenluberon.com\/index.php\/wp-json\/wp\/v2\/pages\/319\/revisions"}],"predecessor-version":[{"id":682,"href":"https:\/\/diabeteenluberon.com\/index.php\/wp-json\/wp\/v2\/pages\/319\/revisions\/682"}],"wp:featuredmedia":[{"embeddable":true,"href":"https:\/\/diabeteenluberon.com\/index.php\/wp-json\/wp\/v2\/media\/286"}],"wp:attachment":[{"href":"https:\/\/diabeteenluberon.com\/index.php\/wp-json\/wp\/v2\/media?parent=319"}],"curies":[{"name":"wp","href":"https:\/\/api.w.org\/{rel}","templated":true}]}}